{"id":20043,"date":"2021-10-20T12:42:25","date_gmt":"2021-10-20T12:42:25","guid":{"rendered":"https:\/\/www.centregrat.com\/?page_id=20043"},"modified":"2021-10-20T12:42:25","modified_gmt":"2021-10-20T12:42:25","slug":"aviso-legal","status":"publish","type":"page","link":"https:\/\/www.centregrat.com\/es\/aviso-legal\/","title":{"rendered":"Aviso Legal"},"content":{"rendered":"<p lang=\"es-ES-u-co-trad\"><strong>AVISO LEGAL<\/strong><\/p>\n<p lang=\"es-ES-u-co-trad\">Antes de utilizar este sitio web de NURIA TARIFA GARC\u00cdA, te pedimos que leas detenidamente las siguientes condiciones que rigen el uso y acceso al mismo.<\/p>\n<p lang=\"es-ES-u-co-trad\">S\u00f3lo podr\u00e1s utilizar el sitio web si te comprometes a aceptar estas condiciones de uso y no deber\u00e1s utilizarlo ni acceder al mismo si no aceptas estas condiciones en su totalidad.<\/p>\n<p lang=\"es-ES-u-co-trad\">Por el hecho de utilizar o acceder al sitio web, te comprometes a obligarte por estas condiciones de uso. En virtud de las obligaciones establecidas por la Ley 34\/2002, de Servicios de la Sociedad de la Informaci\u00f3n y de Comercio Electr\u00f3nico, te informamos que el presente sitio web es propiedad de NURIA TARIFA GARC\u00cdA, con N.I.F. 46412080-N, con domicilio en (08007) Barcelona, calle Gran V\u00eda de les Corts Catalanes, n\u00ba 646, entresuelo 2\u00ba y con los siguientes datos de contacto: <u><a href=\"mailto:nuriatarifa@centregrat.com\">nuriatarifa@centregrat.com<\/a><\/u>, y tel\u00e9fono 646 81 79 00.<\/p>\n<p lang=\"es-ES-u-co-trad\">Todo contenido mostrado en este espacio web, de cualquier tipo, ya sea documentaci\u00f3n escrita, v\u00eddeos, material visual (descargable o no), est\u00e1 sujeta a derechos de autor y propiedad intelectual, de los cuales NURIA TARIFA GARC\u00cdA es titular. En ning\u00fan caso se transmitir\u00e1n o ceder\u00e1n dichos derechos sin consentimiento previo, expl\u00edcito y por escrito.<\/p>\n","protected":false},"excerpt":{"rendered":"<p>AVISO LEGAL Antes de utilizar este sitio web de NURIA TARIFA GARC\u00cdA, te pedimos que leas detenidamente las siguientes condiciones que rigen el uso y acceso al mismo. S\u00f3lo podr\u00e1s utilizar el sitio web si te comprometes a aceptar estas condiciones de uso y no deber\u00e1s utilizarlo ni acceder al mismo si no aceptas estas condiciones en su totalidad. Por el hecho de utilizar o acceder al sitio web, te comprometes a obligarte por estas condiciones de uso. En virtud de las obligaciones establecidas por la Ley 34\/2002, de Servicios de la Sociedad de la Informaci\u00f3n y de Comercio Electr\u00f3nico,&#8230;<\/p>\n","protected":false},"author":2,"featured_media":0,"parent":0,"menu_order":0,"comment_status":"closed","ping_status":"closed","template":"","meta":{"_acf_changed":false,"_exactmetrics_skip_tracking":false,"_exactmetrics_sitenote_active":false,"_exactmetrics_sitenote_note":"","_exactmetrics_sitenote_category":0,"footnotes":""},"class_list":["post-20043","page","type-page","status-publish","hentry"],"acf":[],"yoast_head":"<!-- This site is optimized with the Yoast SEO plugin v27.6 - https:\/\/yoast.com\/product\/yoast-seo-wordpress\/ -->\n<title>Aviso Legal - Centre GRAT | Centre de psicologia a Barcelona<\/title>\n<meta name=\"robots\" content=\"index, follow, max-snippet:-1, max-image-preview:large, max-video-preview:-1\" \/>\n<link rel=\"canonical\" href=\"https:\/\/www.centregrat.com\/es\/aviso-legal\/\" \/>\n<meta property=\"og:locale\" content=\"es_ES\" \/>\n<meta property=\"og:type\" content=\"article\" \/>\n<meta property=\"og:title\" content=\"Aviso Legal - Centre GRAT | Centre de psicologia a Barcelona\" \/>\n<meta property=\"og:description\" content=\"AVISO LEGAL Antes de utilizar este sitio web de NURIA TARIFA GARC\u00cdA, te pedimos que leas detenidamente las siguientes condiciones que rigen el uso y acceso al mismo. S\u00f3lo podr\u00e1s utilizar el sitio web si te comprometes a aceptar estas condiciones de uso y no deber\u00e1s utilizarlo ni acceder al mismo si no aceptas estas condiciones en su totalidad. Por el hecho de utilizar o acceder al sitio web, te comprometes a obligarte por estas condiciones de uso. En virtud de las obligaciones establecidas por la Ley 34\/2002, de Servicios de la Sociedad de la Informaci\u00f3n y de Comercio Electr\u00f3nico,...\" \/>\n<meta property=\"og:url\" content=\"https:\/\/www.centregrat.com\/es\/aviso-legal\/\" \/>\n<meta property=\"og:site_name\" content=\"Centre GRAT | Centre de psicologia a Barcelona\" \/>\n<meta property=\"og:image\" content=\"https:\/\/www.centregrat.com\/wp-content\/uploads\/2017\/03\/logo-grat-90-psicologia-educacio.png\" \/>\n\t<meta property=\"og:image:width\" content=\"90\" \/>\n\t<meta property=\"og:image:height\" content=\"90\" \/>\n\t<meta property=\"og:image:type\" content=\"image\/png\" \/>\n<meta name=\"twitter:card\" content=\"summary_large_image\" \/>\n<meta name=\"twitter:label1\" content=\"Tiempo de lectura\" \/>\n\t<meta name=\"twitter:data1\" content=\"1 minuto\" \/>\n<script type=\"application\/ld+json\" class=\"yoast-schema-graph\">{\"@context\":\"https:\\\/\\\/schema.org\",\"@graph\":[{\"@type\":\"WebPage\",\"@id\":\"https:\\\/\\\/www.centregrat.com\\\/es\\\/aviso-legal\\\/\",\"url\":\"https:\\\/\\\/www.centregrat.com\\\/es\\\/aviso-legal\\\/\",\"name\":\"Aviso Legal - Centre GRAT | Centre de psicologia a Barcelona\",\"isPartOf\":{\"@id\":\"https:\\\/\\\/www.centregrat.com\\\/ca\\\/#website\"},\"datePublished\":\"2021-10-20T12:42:25+00:00\",\"breadcrumb\":{\"@id\":\"https:\\\/\\\/www.centregrat.com\\\/es\\\/aviso-legal\\\/#breadcrumb\"},\"inLanguage\":\"es\",\"potentialAction\":[{\"@type\":\"ReadAction\",\"target\":[\"https:\\\/\\\/www.centregrat.com\\\/es\\\/aviso-legal\\\/\"]}]},{\"@type\":\"BreadcrumbList\",\"@id\":\"https:\\\/\\\/www.centregrat.com\\\/es\\\/aviso-legal\\\/#breadcrumb\",\"itemListElement\":[{\"@type\":\"ListItem\",\"position\":1,\"name\":\"Portada\",\"item\":\"https:\\\/\\\/www.centregrat.com\\\/es\\\/\"},{\"@type\":\"ListItem\",\"position\":2,\"name\":\"Aviso Legal\"}]},{\"@type\":\"WebSite\",\"@id\":\"https:\\\/\\\/www.centregrat.com\\\/ca\\\/#website\",\"url\":\"https:\\\/\\\/www.centregrat.com\\\/ca\\\/\",\"name\":\"Centre GRAT | Centre de psicologia a Barcelona\",\"description\":\"Millora la teva qualitat de vida. Et donem les eines necess\u00e0ries perqu\u00e8 aconsegueixis portar una vida satisfact\u00f2ria. Coneix el nostre centre de psicologia a Barcelona\",\"publisher\":{\"@id\":\"https:\\\/\\\/www.centregrat.com\\\/ca\\\/#organization\"},\"potentialAction\":[{\"@type\":\"SearchAction\",\"target\":{\"@type\":\"EntryPoint\",\"urlTemplate\":\"https:\\\/\\\/www.centregrat.com\\\/ca\\\/?s={search_term_string}\"},\"query-input\":{\"@type\":\"PropertyValueSpecification\",\"valueRequired\":true,\"valueName\":\"search_term_string\"}}],\"inLanguage\":\"es\"},{\"@type\":\"Organization\",\"@id\":\"https:\\\/\\\/www.centregrat.com\\\/ca\\\/#organization\",\"name\":\"Centre GRAT\",\"url\":\"https:\\\/\\\/www.centregrat.com\\\/ca\\\/\",\"logo\":{\"@type\":\"ImageObject\",\"inLanguage\":\"es\",\"@id\":\"https:\\\/\\\/www.centregrat.com\\\/ca\\\/#\\\/schema\\\/logo\\\/image\\\/\",\"url\":\"https:\\\/\\\/www.centregrat.com\\\/wp-content\\\/uploads\\\/2017\\\/03\\\/logo-grat-90-psicologia-educacio.png\",\"contentUrl\":\"https:\\\/\\\/www.centregrat.com\\\/wp-content\\\/uploads\\\/2017\\\/03\\\/logo-grat-90-psicologia-educacio.png\",\"width\":90,\"height\":90,\"caption\":\"Centre GRAT\"},\"image\":{\"@id\":\"https:\\\/\\\/www.centregrat.com\\\/ca\\\/#\\\/schema\\\/logo\\\/image\\\/\"}}]}<\/script>\n<!-- \/ Yoast SEO plugin. -->","yoast_head_json":{"title":"Aviso Legal - Centre GRAT | Centre de psicologia a Barcelona","robots":{"index":"index","follow":"follow","max-snippet":"max-snippet:-1","max-image-preview":"max-image-preview:large","max-video-preview":"max-video-preview:-1"},"canonical":"https:\/\/www.centregrat.com\/es\/aviso-legal\/","og_locale":"es_ES","og_type":"article","og_title":"Aviso Legal - Centre GRAT | Centre de psicologia a Barcelona","og_description":"AVISO LEGAL Antes de utilizar este sitio web de NURIA TARIFA GARC\u00cdA, te pedimos que leas detenidamente las siguientes condiciones que rigen el uso y acceso al mismo. S\u00f3lo podr\u00e1s utilizar el sitio web si te comprometes a aceptar estas condiciones de uso y no deber\u00e1s utilizarlo ni acceder al mismo si no aceptas estas condiciones en su totalidad. Por el hecho de utilizar o acceder al sitio web, te comprometes a obligarte por estas condiciones de uso. En virtud de las obligaciones establecidas por la Ley 34\/2002, de Servicios de la Sociedad de la Informaci\u00f3n y de Comercio Electr\u00f3nico,...","og_url":"https:\/\/www.centregrat.com\/es\/aviso-legal\/","og_site_name":"Centre GRAT | Centre de psicologia a Barcelona","og_image":[{"width":90,"height":90,"url":"https:\/\/www.centregrat.com\/wp-content\/uploads\/2017\/03\/logo-grat-90-psicologia-educacio.png","type":"image\/png"}],"twitter_card":"summary_large_image","twitter_misc":{"Tiempo de lectura":"1 minuto"},"schema":{"@context":"https:\/\/schema.org","@graph":[{"@type":"WebPage","@id":"https:\/\/www.centregrat.com\/es\/aviso-legal\/","url":"https:\/\/www.centregrat.com\/es\/aviso-legal\/","name":"Aviso Legal - Centre GRAT | Centre de psicologia a Barcelona","isPartOf":{"@id":"https:\/\/www.centregrat.com\/ca\/#website"},"datePublished":"2021-10-20T12:42:25+00:00","breadcrumb":{"@id":"https:\/\/www.centregrat.com\/es\/aviso-legal\/#breadcrumb"},"inLanguage":"es","potentialAction":[{"@type":"ReadAction","target":["https:\/\/www.centregrat.com\/es\/aviso-legal\/"]}]},{"@type":"BreadcrumbList","@id":"https:\/\/www.centregrat.com\/es\/aviso-legal\/#breadcrumb","itemListElement":[{"@type":"ListItem","position":1,"name":"Portada","item":"https:\/\/www.centregrat.com\/es\/"},{"@type":"ListItem","position":2,"name":"Aviso Legal"}]},{"@type":"WebSite","@id":"https:\/\/www.centregrat.com\/ca\/#website","url":"https:\/\/www.centregrat.com\/ca\/","name":"Centre GRAT | Centre de psicologia a Barcelona","description":"Millora la teva qualitat de vida. Et donem les eines necess\u00e0ries perqu\u00e8 aconsegueixis portar una vida satisfact\u00f2ria. Coneix el nostre centre de psicologia a Barcelona","publisher":{"@id":"https:\/\/www.centregrat.com\/ca\/#organization"},"potentialAction":[{"@type":"SearchAction","target":{"@type":"EntryPoint","urlTemplate":"https:\/\/www.centregrat.com\/ca\/?s={search_term_string}"},"query-input":{"@type":"PropertyValueSpecification","valueRequired":true,"valueName":"search_term_string"}}],"inLanguage":"es"},{"@type":"Organization","@id":"https:\/\/www.centregrat.com\/ca\/#organization","name":"Centre GRAT","url":"https:\/\/www.centregrat.com\/ca\/","logo":{"@type":"ImageObject","inLanguage":"es","@id":"https:\/\/www.centregrat.com\/ca\/#\/schema\/logo\/image\/","url":"https:\/\/www.centregrat.com\/wp-content\/uploads\/2017\/03\/logo-grat-90-psicologia-educacio.png","contentUrl":"https:\/\/www.centregrat.com\/wp-content\/uploads\/2017\/03\/logo-grat-90-psicologia-educacio.png","width":90,"height":90,"caption":"Centre GRAT"},"image":{"@id":"https:\/\/www.centregrat.com\/ca\/#\/schema\/logo\/image\/"}}]}},"_links":{"self":[{"href":"https:\/\/www.centregrat.com\/es\/wp-json\/wp\/v2\/pages\/20043","targetHints":{"allow":["GET"]}}],"collection":[{"href":"https:\/\/www.centregrat.com\/es\/wp-json\/wp\/v2\/pages"}],"about":[{"href":"https:\/\/www.centregrat.com\/es\/wp-json\/wp\/v2\/types\/page"}],"author":[{"embeddable":true,"href":"https:\/\/www.centregrat.com\/es\/wp-json\/wp\/v2\/users\/2"}],"replies":[{"embeddable":true,"href":"https:\/\/www.centregrat.com\/es\/wp-json\/wp\/v2\/comments?post=20043"}],"version-history":[{"count":1,"href":"https:\/\/www.centregrat.com\/es\/wp-json\/wp\/v2\/pages\/20043\/revisions"}],"predecessor-version":[{"id":20044,"href":"https:\/\/www.centregrat.com\/es\/wp-json\/wp\/v2\/pages\/20043\/revisions\/20044"}],"wp:attachment":[{"href":"https:\/\/www.centregrat.com\/es\/wp-json\/wp\/v2\/media?parent=20043"}],"curies":[{"name":"wp","href":"https:\/\/api.w.org\/{rel}","templated":true}]}}