{"id":20434,"date":"2021-11-22T22:37:50","date_gmt":"2021-11-22T22:37:50","guid":{"rendered":"https:\/\/www.centregrat.com\/?page_id=20434"},"modified":"2025-01-20T15:27:59","modified_gmt":"2025-01-20T15:27:59","slug":"formacion-en-terapia-de-pareja","status":"publish","type":"page","link":"https:\/\/www.centregrat.com\/es\/formacion-en-terapia-de-pareja\/","title":{"rendered":"Formaci\u00f3n en Terapia de Pareja"},"content":{"rendered":"<div class=\"wpb-content-wrapper\"><p>[vc_row css_animation=&#8221;&#8221; row_type=&#8221;row&#8221; use_row_as_full_screen_section=&#8221;no&#8221; type=&#8221;grid&#8221; angled_section=&#8221;no&#8221; text_align=&#8221;left&#8221; background_image=&#8221;20444&#8243; background_image_as_pattern=&#8221;without_pattern&#8221;][vc_column][vc_empty_space height=&#8221;75px&#8221;][vc_row_inner row_type=&#8221;row&#8221; type=&#8221;full_width&#8221; text_align=&#8221;center&#8221; padding_top=&#8221;25&#8243; css_animation=&#8221;&#8221; css=&#8221;.vc_custom_1608657948921{padding-top: 50px !important;padding-right: 25px !important;padding-left: 25px !important;background-color: rgba(32,55,109,0.81) !important;*background-color: rgb(32,55,109) !important;}&#8221;][vc_column_inner][\/vc_column_inner][\/vc_row_inner][vc_row_inner row_type=&#8221;row&#8221; type=&#8221;full_width&#8221; text_align=&#8221;center&#8221; background_color=&#8221;rgba(32,55,109,0.81)&#8221; padding_bottom=&#8221;50&#8243; css_animation=&#8221;&#8221; css=&#8221;.vc_custom_1493310011113{padding-top: 25px !important;padding-right: 25px !important;padding-bottom: 25px !important;padding-left: 25px !important;}&#8221;][vc_column_inner width=&#8221;1\/6&#8243;][\/vc_column_inner][vc_column_inner width=&#8221;2\/3&#8243;][vc_column_text]<\/p>\n<h1 style=\"text-align: center;\"><span style=\"color: #ffffff;\"><strong>Formaci\u00f3n en Terapia de Pareja<\/strong><\/span><\/h1>\n<p>[\/vc_column_text][vc_empty_space height=&#8221;22px&#8221;][vc_separator type=&#8221;small&#8221; position=&#8221;center&#8221; up=&#8221;25&#8243; down=&#8221;25&#8243;][vc_column_text]<\/p>\n<h2 style=\"text-align: center;\"><span style=\"color: #ffffff;\"><strong>Formaci\u00f3n en Terapia de Pareja:<br \/>\nCursos y grupos de supervisi\u00f3n online en formato pr\u00e1ctico<\/strong><\/span><\/h2>\n<p>[\/vc_column_text][vc_separator type=&#8221;small&#8221; position=&#8221;center&#8221; up=&#8221;25&#8243; down=&#8221;0&#8243;][vc_empty_space height=&#8221;22px&#8221;][vc_column_text]<\/p>\n<h3 style=\"text-align: center;\"><span style=\"color: #ffffff;\"><strong><strong>Nuestras formaciones en Terapia de Pareja son:<br \/>\nCentradas en la Intervenci\u00f3n<br \/>\nPr\u00e1cticas<br \/>\nCon visionado de terapias de pareja reales<br \/>\nFormato Online<br \/>\n<\/strong><\/strong><\/span><\/h3>\n<p>[\/vc_column_text][\/vc_column_inner][vc_column_inner width=&#8221;1\/6&#8243;][\/vc_column_inner][\/vc_row_inner][vc_empty_space height=&#8221;50px&#8221;][\/vc_column][\/vc_row][vc_row css_animation=&#8221;&#8221; row_type=&#8221;row&#8221; use_row_as_full_screen_section=&#8221;no&#8221; type=&#8221;grid&#8221; angled_section=&#8221;no&#8221; text_align=&#8221;left&#8221; background_image_as_pattern=&#8221;without_pattern&#8221;][vc_column][vc_empty_space height=&#8221;50px&#8221;][vc_row_inner row_type=&#8221;row&#8221; type=&#8221;full_width&#8221; text_align=&#8221;left&#8221; css_animation=&#8221;&#8221;][vc_column_inner width=&#8221;1\/2&#8243;][vc_column_text]La <strong>formaci\u00f3n en terapia de pareja<\/strong> de Centre GRAT se centra en la <strong>intervenci\u00f3n<\/strong> y se desarrolla de forma eminentemente <strong>pr\u00e1ctica<\/strong>. La <strong>formaci\u00f3n <\/strong>est\u00e1 pensada desde las situaciones que los psic\u00f3logos nos encontramos en sesi\u00f3n con las parejas y est\u00e1 dise\u00f1ada para que adquieras herramientas \u00fatiles para intervenir en sesi\u00f3n con las parejas desde el inicio de la terapia y aprendas t\u00e9cnicas y estrategias para resolver las dificultades que los psic\u00f3logos nos solemos encontrar en el proceso de <strong>terapia de pareja<\/strong>.[\/vc_column_text][\/vc_column_inner][vc_column_inner width=&#8221;1\/2&#8243;][vc_column_text]Nuestra <strong>metodolog\u00eda<\/strong> se centra en la <strong>pr\u00e1ctica<\/strong> a partir de situaciones que los psic\u00f3logos nos solemos encontrar en las terapias de pareja y a trav\u00e9s del <strong>visionado de v\u00eddeos de terapias de pareja reales<\/strong>. De este modo podr\u00e1s aprender a trav\u00e9s de la observaci\u00f3n de casos reales viendo c\u00f3mo el terapeuta interviene y aplica las diversas t\u00e9cnicas y estrategias que se ense\u00f1an en los cursos.[\/vc_column_text][\/vc_column_inner][\/vc_row_inner][vc_separator type=&#8221;normal&#8221; up=&#8221;50&#8243; down=&#8221;50&#8243;][\/vc_column][\/vc_row][vc_row css_animation=&#8221;&#8221; row_type=&#8221;row&#8221; use_row_as_full_screen_section=&#8221;no&#8221; type=&#8221;grid&#8221; angled_section=&#8221;no&#8221; text_align=&#8221;left&#8221; background_image_as_pattern=&#8221;without_pattern&#8221;][vc_column][vc_column_text]<\/p>\n<h2 style=\"text-align: center;\">Formaciones:<\/h2>\n<p>[\/vc_column_text][vc_separator type=&#8221;small&#8221; position=&#8221;center&#8221; up=&#8221;25&#8243; down=&#8221;25&#8243;][vc_column_text]<\/p>\n<p style=\"text-align: center;\">Nuestra formaci\u00f3n consiste en tres cursos y grupos de supervisi\u00f3n con formaci\u00f3n.<\/p>\n<p>[\/vc_column_text][\/vc_column][\/vc_row][vc_row css_animation=&#8221;&#8221; row_type=&#8221;row&#8221; use_row_as_full_screen_section=&#8221;no&#8221; type=&#8221;grid&#8221; angled_section=&#8221;no&#8221; text_align=&#8221;left&#8221; background_image_as_pattern=&#8221;without_pattern&#8221; padding_top=&#8221;75&#8243; padding_bottom=&#8221;75&#8243;][vc_column][vc_column_text]<\/p>\n<p>[\/vc_column_text][vc_row_inner row_type=&#8221;row&#8221; type=&#8221;full_width&#8221; text_align=&#8221;center&#8221; css_animation=&#8221;&#8221;][vc_column_inner width=&#8221;1\/4&#8243;][vc_single_image image=&#8221;20534&#8243; img_size=&#8221;200&#215;200&#8243; alignment=&#8221;center&#8221; qode_css_animation=&#8221;&#8221;][vc_empty_space][vc_column_text]<\/p>\n<h3 style=\"text-align: center;\"><span style=\"color: #20376d;\">NIVEL I<\/span><\/h3>\n<p>[\/vc_column_text][vc_column_text]<\/p>\n<h4 style=\"text-align: center;\">Intervenci\u00f3n en Terapia de Pareja: T\u00e9cnicas y Recursos<\/h4>\n<p>[\/vc_column_text][vc_empty_space height=&#8221;27px&#8221;]<a  itemprop=\"url\" href=\"https:\/\/www.centregrat.com\/es\/curso-de-intervencion-en-terapia-de-pareja-nivel-i\/\" target=\"_self\"  class=\"qbutton  default\" style=\"\">M\u00c1S INFORMACI\u00d3N<\/a>[\/vc_column_inner][vc_column_inner width=&#8221;1\/4&#8243;][vc_single_image image=&#8221;20536&#8243; img_size=&#8221;200&#215;200&#8243; alignment=&#8221;center&#8221; qode_css_animation=&#8221;&#8221;][vc_empty_space][vc_column_text]<\/p>\n<h3 style=\"text-align: center;\"><span style=\"color: #20376d;\">NIVEL II<\/span><\/h3>\n<p>[\/vc_column_text][vc_column_text]<\/p>\n<h4 style=\"text-align: center;\">Intervenci\u00f3n en terapia de pareja: Dificultades y soluciones durante el proceso<\/h4>\n<p>[\/vc_column_text][vc_empty_space height=&#8221;10px&#8221;]<a  itemprop=\"url\" href=\"https:\/\/www.centregrat.com\/es\/curso-de-intervencion-en-terapia-de-pareja-nivel-ii\/\" target=\"_self\"  class=\"qbutton  default\" style=\"\">M\u00c1S INFORMACI\u00d3N<\/a>[\/vc_column_inner][vc_column_inner width=&#8221;1\/4&#8243;][vc_single_image image=&#8221;29267&#8243; img_size=&#8221;200&#215;200&#8243; alignment=&#8221;center&#8221; qode_css_animation=&#8221;&#8221;][vc_empty_space][vc_column_text]<\/p>\n<h3 style=\"text-align: center;\"><span style=\"color: #20376d;\">AVANZADO<\/span><\/h3>\n<p>[\/vc_column_text][vc_column_text]<\/p>\n<h4 style=\"text-align: center;\">Curso Avanzado en Terapia de Pareja: Estrategias para Casos Espec\u00edficos<\/h4>\n<p>[\/vc_column_text][vc_empty_space height=&#8221;10px&#8221;]<a  itemprop=\"url\" href=\"https:\/\/www.centregrat.com\/es\/curso-avanzado-en-terapia-de-pareja-online\/\" target=\"_self\"  class=\"qbutton  default\" style=\"\">M\u00c1S INFORMACI\u00d3N<\/a>[\/vc_column_inner][vc_column_inner width=&#8221;1\/4&#8243;][vc_single_image image=&#8221;20538&#8243; img_size=&#8221;200&#215;200&#8243; alignment=&#8221;center&#8221; qode_css_animation=&#8221;&#8221;][vc_empty_space][vc_column_text]<\/p>\n<h3 style=\"text-align: center;\"><span style=\"color: #20376d;\">SUPERVISI\u00d3N CON FORMACI\u00d3N:<\/span><\/h3>\n<p>[\/vc_column_text][vc_column_text]<\/p>\n<h4 style=\"text-align: center;\">Grupos de supervisi\u00f3n con formaci\u00f3n<\/h4>\n<p>[\/vc_column_text][vc_empty_space height=&#8221;42px&#8221;]<a  itemprop=\"url\" href=\"https:\/\/www.centregrat.com\/es\/grupos-de-supervision-con-formacion-en-terapia-de-pareja\/\" target=\"_self\"  class=\"qbutton  default\" style=\"\">M\u00c1S INFORMACI\u00d3N<\/a>[\/vc_column_inner][\/vc_row_inner][vc_separator type=&#8221;normal&#8221; up=&#8221;50&#8243; down=&#8221;50&#8243;][\/vc_column][\/vc_row][vc_row css_animation=&#8221;&#8221; row_type=&#8221;row&#8221; use_row_as_full_screen_section=&#8221;no&#8221; type=&#8221;grid&#8221; angled_section=&#8221;no&#8221; text_align=&#8221;left&#8221; background_image_as_pattern=&#8221;without_pattern&#8221; padding_bottom=&#8221;50&#8243;][vc_column][vc_column_text]<\/p>\n<h2 style=\"text-align: center;\">Formaci\u00f3n a cargo de:<\/h2>\n<p>[\/vc_column_text][vc_separator type=&#8221;small&#8221; position=&#8221;center&#8221; up=&#8221;25&#8243; down=&#8221;25&#8243;][vc_row_inner row_type=&#8221;row&#8221; type=&#8221;full_width&#8221; text_align=&#8221;left&#8221; css_animation=&#8221;&#8221;][vc_column_inner width=&#8221;1\/4&#8243;][vc_single_image image=&#8221;181&#8243; img_size=&#8221;full&#8221; qode_css_animation=&#8221;&#8221;][\/vc_column_inner][vc_column_inner width=&#8221;3\/4&#8243;][vc_empty_space][vc_column_text]<\/p>\n<h3>Formaci\u00f3n a cargo del Sr. Pablo Quiroga<\/h3>\n<p>Psic\u00f3logo General Sanitario experto en terapia de pareja y familiar, docente de la <a href=\"https:\/\/www.blanquerna.edu\/es\/fpcee\/masters-y-estudios-de-postgrado\/masters-y-postgrados-url\/master-iberoamericano-terapia-sistemica\/calendario\">asignatura de Terapia de Pareja dentro del M\u00e1ster Iberoamericano de Terapia Familiar de Blanquerna (URL)<\/a>,\u00a0\u00a0tutor de pr\u00e1cticas de terapia familiar sist\u00e9mica del M\u00e1ster en Terapia Cognitivo Social de la UB en el Hospital Sant Pau, profesor de la UOC en el M\u00e1ster de Psicolog\u00eda Infantil y Juvenil y Tutor del \u00e1rea vivencial-experiencial en la Escuela de Terapia Familiar del Hospital Sant Pau.[\/vc_column_text][\/vc_column_inner][\/vc_row_inner][\/vc_column][\/vc_row]<\/p>\n<\/div>","protected":false},"excerpt":{"rendered":"<p>[vc_row css_animation=&#8221;&#8221; row_type=&#8221;row&#8221; use_row_as_full_screen_section=&#8221;no&#8221; type=&#8221;grid&#8221; angled_section=&#8221;no&#8221; text_align=&#8221;left&#8221; background_image=&#8221;20444&#8243; background_image_as_pattern=&#8221;without_pattern&#8221;][vc_column][vc_empty_space height=&#8221;75px&#8221;][vc_row_inner row_type=&#8221;row&#8221; type=&#8221;full_width&#8221; text_align=&#8221;center&#8221; padding_top=&#8221;25&#8243; css_animation=&#8221;&#8221; css=&#8221;.vc_custom_1608657948921{padding-top: 50px !important;padding-right: 25px !important;padding-left: 25px !important;background-color: rgba(32,55,109,0.81) !important;*background-color: rgb(32,55,109) !important;}&#8221;][vc_column_inner][\/vc_column_inner][\/vc_row_inner][vc_row_inner row_type=&#8221;row&#8221; type=&#8221;full_width&#8221; text_align=&#8221;center&#8221; background_color=&#8221;rgba(32,55,109,0.81)&#8221; padding_bottom=&#8221;50&#8243; css_animation=&#8221;&#8221; css=&#8221;.vc_custom_1493310011113{padding-top: 25px !important;padding-right: 25px !important;padding-bottom: 25px !important;padding-left: 25px !important;}&#8221;][vc_column_inner width=&#8221;1\/6&#8243;][\/vc_column_inner][vc_column_inner width=&#8221;2\/3&#8243;][vc_column_text] Formaci\u00f3n en Terapia de Pareja [\/vc_column_text][vc_empty_space height=&#8221;22px&#8221;][vc_separator type=&#8221;small&#8221; position=&#8221;center&#8221; up=&#8221;25&#8243; down=&#8221;25&#8243;][vc_column_text] Formaci\u00f3n en Terapia de Pareja: Cursos y grupos de supervisi\u00f3n online en formato pr\u00e1ctico [\/vc_column_text][vc_separator type=&#8221;small&#8221; position=&#8221;center&#8221; up=&#8221;25&#8243; down=&#8221;0&#8243;][vc_empty_space height=&#8221;22px&#8221;][vc_column_text] Nuestras formaciones en Terapia de Pareja son: Centradas en la Intervenci\u00f3n Pr\u00e1cticas Con visionado de terapias de pareja reales Formato Online [\/vc_column_text][\/vc_column_inner][vc_column_inner width=&#8221;1\/6&#8243;][\/vc_column_inner][\/vc_row_inner][vc_empty_space height=&#8221;50px&#8221;][\/vc_column][\/vc_row][vc_row css_animation=&#8221;&#8221; row_type=&#8221;row&#8221;&#8230;<\/p>\n","protected":false},"author":2,"featured_media":20444,"parent":0,"menu_order":0,"comment_status":"closed","ping_status":"closed","template":"full_width.php","meta":{"_acf_changed":false,"_exactmetrics_skip_tracking":false,"_exactmetrics_sitenote_active":false,"_exactmetrics_sitenote_note":"","_exactmetrics_sitenote_category":0,"footnotes":""},"class_list":["post-20434","page","type-page","status-publish","has-post-thumbnail","hentry"],"acf":[],"yoast_head":"<!-- This site is optimized with the Yoast SEO plugin v27.4 - https:\/\/yoast.com\/product\/yoast-seo-wordpress\/ -->\n<title>Formaci\u00f3n en Terapia de Pareja - pr\u00e1ctica y online - Centre GRAT<\/title>\n<meta name=\"description\" content=\"Tres cursos y un grupo de supervisi\u00f3n conforman la formaci\u00f3n en terapia de pareja, dirigidas por un psic\u00f3logo experto y experimentado.\" \/>\n<meta name=\"robots\" content=\"index, follow, max-snippet:-1, max-image-preview:large, max-video-preview:-1\" \/>\n<link rel=\"canonical\" href=\"https:\/\/www.centregrat.com\/es\/formacion-en-terapia-de-pareja\/\" \/>\n<meta property=\"og:locale\" content=\"es_ES\" \/>\n<meta property=\"og:type\" content=\"article\" \/>\n<meta property=\"og:title\" content=\"Curso Pr\u00e1ctico de Terapia de Pareja-Visualizaci\u00f3n de casos reales\" \/>\n<meta property=\"og:description\" content=\"Curso de Terapia de Pareja para profesionales. Orientado a adquirir herramientas de intervenci\u00f3n a partir de materiales y la visualizaci\u00f3n de casos.\" \/>\n<meta property=\"og:url\" content=\"https:\/\/www.centregrat.com\/es\/formacion-en-terapia-de-pareja\/\" \/>\n<meta property=\"og:site_name\" content=\"Centre GRAT | Centre de psicologia a Barcelona\" \/>\n<meta property=\"article:modified_time\" content=\"2025-01-20T15:27:59+00:00\" \/>\n<meta property=\"og:image\" content=\"https:\/\/www.centregrat.com\/wp-content\/uploads\/2017\/11\/fondo-adults-terapia-de-parella-centre-grat-barcelona.jpg\" \/>\n\t<meta property=\"og:image:width\" content=\"1920\" \/>\n\t<meta property=\"og:image:height\" content=\"662\" \/>\n\t<meta property=\"og:image:type\" content=\"image\/jpeg\" \/>\n<meta name=\"twitter:card\" content=\"summary_large_image\" \/>\n<meta name=\"twitter:label1\" content=\"Tiempo de lectura\" \/>\n\t<meta name=\"twitter:data1\" content=\"3 minutos\" \/>\n<script type=\"application\/ld+json\" class=\"yoast-schema-graph\">{\"@context\":\"https:\\\/\\\/schema.org\",\"@graph\":[{\"@type\":\"WebPage\",\"@id\":\"https:\\\/\\\/www.centregrat.com\\\/es\\\/formacion-en-terapia-de-pareja\\\/\",\"url\":\"https:\\\/\\\/www.centregrat.com\\\/es\\\/formacion-en-terapia-de-pareja\\\/\",\"name\":\"Formaci\u00f3n en Terapia de Pareja - pr\u00e1ctica y online - Centre GRAT\",\"isPartOf\":{\"@id\":\"https:\\\/\\\/www.centregrat.com\\\/ca\\\/#website\"},\"primaryImageOfPage\":{\"@id\":\"https:\\\/\\\/www.centregrat.com\\\/es\\\/formacion-en-terapia-de-pareja\\\/#primaryimage\"},\"image\":{\"@id\":\"https:\\\/\\\/www.centregrat.com\\\/es\\\/formacion-en-terapia-de-pareja\\\/#primaryimage\"},\"thumbnailUrl\":\"https:\\\/\\\/www.centregrat.com\\\/wp-content\\\/uploads\\\/2021\\\/11\\\/Formacion-en-Terapia-de-Pareja-copia-scaled.jpg\",\"datePublished\":\"2021-11-22T22:37:50+00:00\",\"dateModified\":\"2025-01-20T15:27:59+00:00\",\"description\":\"Tres cursos y un grupo de supervisi\u00f3n conforman la formaci\u00f3n en terapia de pareja, dirigidas por un psic\u00f3logo experto y experimentado.\",\"breadcrumb\":{\"@id\":\"https:\\\/\\\/www.centregrat.com\\\/es\\\/formacion-en-terapia-de-pareja\\\/#breadcrumb\"},\"inLanguage\":\"es\",\"potentialAction\":[{\"@type\":\"ReadAction\",\"target\":[\"https:\\\/\\\/www.centregrat.com\\\/es\\\/formacion-en-terapia-de-pareja\\\/\"]}]},{\"@type\":\"ImageObject\",\"inLanguage\":\"es\",\"@id\":\"https:\\\/\\\/www.centregrat.com\\\/es\\\/formacion-en-terapia-de-pareja\\\/#primaryimage\",\"url\":\"https:\\\/\\\/www.centregrat.com\\\/wp-content\\\/uploads\\\/2021\\\/11\\\/Formacion-en-Terapia-de-Pareja-copia-scaled.jpg\",\"contentUrl\":\"https:\\\/\\\/www.centregrat.com\\\/wp-content\\\/uploads\\\/2021\\\/11\\\/Formacion-en-Terapia-de-Pareja-copia-scaled.jpg\",\"width\":2560,\"height\":1706,\"caption\":\"Formacion en terapia de pareja para psicologos\"},{\"@type\":\"BreadcrumbList\",\"@id\":\"https:\\\/\\\/www.centregrat.com\\\/es\\\/formacion-en-terapia-de-pareja\\\/#breadcrumb\",\"itemListElement\":[{\"@type\":\"ListItem\",\"position\":1,\"name\":\"Portada\",\"item\":\"https:\\\/\\\/www.centregrat.com\\\/es\\\/\"},{\"@type\":\"ListItem\",\"position\":2,\"name\":\"Formaci\u00f3n en Terapia de Pareja\"}]},{\"@type\":\"WebSite\",\"@id\":\"https:\\\/\\\/www.centregrat.com\\\/ca\\\/#website\",\"url\":\"https:\\\/\\\/www.centregrat.com\\\/ca\\\/\",\"name\":\"Centre GRAT | Centre de psicologia a Barcelona\",\"description\":\"Millora la teva qualitat de vida. Et donem les eines necess\u00e0ries perqu\u00e8 aconsegueixis portar una vida satisfact\u00f2ria. Coneix el nostre centre de psicologia a Barcelona\",\"publisher\":{\"@id\":\"https:\\\/\\\/www.centregrat.com\\\/ca\\\/#organization\"},\"potentialAction\":[{\"@type\":\"SearchAction\",\"target\":{\"@type\":\"EntryPoint\",\"urlTemplate\":\"https:\\\/\\\/www.centregrat.com\\\/ca\\\/?s={search_term_string}\"},\"query-input\":{\"@type\":\"PropertyValueSpecification\",\"valueRequired\":true,\"valueName\":\"search_term_string\"}}],\"inLanguage\":\"es\"},{\"@type\":\"Organization\",\"@id\":\"https:\\\/\\\/www.centregrat.com\\\/ca\\\/#organization\",\"name\":\"Centre GRAT\",\"url\":\"https:\\\/\\\/www.centregrat.com\\\/ca\\\/\",\"logo\":{\"@type\":\"ImageObject\",\"inLanguage\":\"es\",\"@id\":\"https:\\\/\\\/www.centregrat.com\\\/ca\\\/#\\\/schema\\\/logo\\\/image\\\/\",\"url\":\"https:\\\/\\\/www.centregrat.com\\\/wp-content\\\/uploads\\\/2017\\\/03\\\/logo-grat-90-psicologia-educacio.png\",\"contentUrl\":\"https:\\\/\\\/www.centregrat.com\\\/wp-content\\\/uploads\\\/2017\\\/03\\\/logo-grat-90-psicologia-educacio.png\",\"width\":90,\"height\":90,\"caption\":\"Centre GRAT\"},\"image\":{\"@id\":\"https:\\\/\\\/www.centregrat.com\\\/ca\\\/#\\\/schema\\\/logo\\\/image\\\/\"}}]}<\/script>\n<!-- \/ Yoast SEO plugin. -->","yoast_head_json":{"title":"Formaci\u00f3n en Terapia de Pareja - pr\u00e1ctica y online - Centre GRAT","description":"Tres cursos y un grupo de supervisi\u00f3n conforman la formaci\u00f3n en terapia de pareja, dirigidas por un psic\u00f3logo experto y experimentado.","robots":{"index":"index","follow":"follow","max-snippet":"max-snippet:-1","max-image-preview":"max-image-preview:large","max-video-preview":"max-video-preview:-1"},"canonical":"https:\/\/www.centregrat.com\/es\/formacion-en-terapia-de-pareja\/","og_locale":"es_ES","og_type":"article","og_title":"Curso Pr\u00e1ctico de Terapia de Pareja-Visualizaci\u00f3n de casos reales","og_description":"Curso de Terapia de Pareja para profesionales. Orientado a adquirir herramientas de intervenci\u00f3n a partir de materiales y la visualizaci\u00f3n de casos.","og_url":"https:\/\/www.centregrat.com\/es\/formacion-en-terapia-de-pareja\/","og_site_name":"Centre GRAT | Centre de psicologia a Barcelona","article_modified_time":"2025-01-20T15:27:59+00:00","og_image":[{"width":1920,"height":662,"url":"https:\/\/www.centregrat.com\/wp-content\/uploads\/2017\/11\/fondo-adults-terapia-de-parella-centre-grat-barcelona.jpg","type":"image\/jpeg"}],"twitter_card":"summary_large_image","twitter_misc":{"Tiempo de lectura":"3 minutos"},"schema":{"@context":"https:\/\/schema.org","@graph":[{"@type":"WebPage","@id":"https:\/\/www.centregrat.com\/es\/formacion-en-terapia-de-pareja\/","url":"https:\/\/www.centregrat.com\/es\/formacion-en-terapia-de-pareja\/","name":"Formaci\u00f3n en Terapia de Pareja - pr\u00e1ctica y online - Centre GRAT","isPartOf":{"@id":"https:\/\/www.centregrat.com\/ca\/#website"},"primaryImageOfPage":{"@id":"https:\/\/www.centregrat.com\/es\/formacion-en-terapia-de-pareja\/#primaryimage"},"image":{"@id":"https:\/\/www.centregrat.com\/es\/formacion-en-terapia-de-pareja\/#primaryimage"},"thumbnailUrl":"https:\/\/www.centregrat.com\/wp-content\/uploads\/2021\/11\/Formacion-en-Terapia-de-Pareja-copia-scaled.jpg","datePublished":"2021-11-22T22:37:50+00:00","dateModified":"2025-01-20T15:27:59+00:00","description":"Tres cursos y un grupo de supervisi\u00f3n conforman la formaci\u00f3n en terapia de pareja, dirigidas por un psic\u00f3logo experto y experimentado.","breadcrumb":{"@id":"https:\/\/www.centregrat.com\/es\/formacion-en-terapia-de-pareja\/#breadcrumb"},"inLanguage":"es","potentialAction":[{"@type":"ReadAction","target":["https:\/\/www.centregrat.com\/es\/formacion-en-terapia-de-pareja\/"]}]},{"@type":"ImageObject","inLanguage":"es","@id":"https:\/\/www.centregrat.com\/es\/formacion-en-terapia-de-pareja\/#primaryimage","url":"https:\/\/www.centregrat.com\/wp-content\/uploads\/2021\/11\/Formacion-en-Terapia-de-Pareja-copia-scaled.jpg","contentUrl":"https:\/\/www.centregrat.com\/wp-content\/uploads\/2021\/11\/Formacion-en-Terapia-de-Pareja-copia-scaled.jpg","width":2560,"height":1706,"caption":"Formacion en terapia de pareja para psicologos"},{"@type":"BreadcrumbList","@id":"https:\/\/www.centregrat.com\/es\/formacion-en-terapia-de-pareja\/#breadcrumb","itemListElement":[{"@type":"ListItem","position":1,"name":"Portada","item":"https:\/\/www.centregrat.com\/es\/"},{"@type":"ListItem","position":2,"name":"Formaci\u00f3n en Terapia de Pareja"}]},{"@type":"WebSite","@id":"https:\/\/www.centregrat.com\/ca\/#website","url":"https:\/\/www.centregrat.com\/ca\/","name":"Centre GRAT | Centre de psicologia a Barcelona","description":"Millora la teva qualitat de vida. Et donem les eines necess\u00e0ries perqu\u00e8 aconsegueixis portar una vida satisfact\u00f2ria. Coneix el nostre centre de psicologia a Barcelona","publisher":{"@id":"https:\/\/www.centregrat.com\/ca\/#organization"},"potentialAction":[{"@type":"SearchAction","target":{"@type":"EntryPoint","urlTemplate":"https:\/\/www.centregrat.com\/ca\/?s={search_term_string}"},"query-input":{"@type":"PropertyValueSpecification","valueRequired":true,"valueName":"search_term_string"}}],"inLanguage":"es"},{"@type":"Organization","@id":"https:\/\/www.centregrat.com\/ca\/#organization","name":"Centre GRAT","url":"https:\/\/www.centregrat.com\/ca\/","logo":{"@type":"ImageObject","inLanguage":"es","@id":"https:\/\/www.centregrat.com\/ca\/#\/schema\/logo\/image\/","url":"https:\/\/www.centregrat.com\/wp-content\/uploads\/2017\/03\/logo-grat-90-psicologia-educacio.png","contentUrl":"https:\/\/www.centregrat.com\/wp-content\/uploads\/2017\/03\/logo-grat-90-psicologia-educacio.png","width":90,"height":90,"caption":"Centre GRAT"},"image":{"@id":"https:\/\/www.centregrat.com\/ca\/#\/schema\/logo\/image\/"}}]}},"_links":{"self":[{"href":"https:\/\/www.centregrat.com\/es\/wp-json\/wp\/v2\/pages\/20434","targetHints":{"allow":["GET"]}}],"collection":[{"href":"https:\/\/www.centregrat.com\/es\/wp-json\/wp\/v2\/pages"}],"about":[{"href":"https:\/\/www.centregrat.com\/es\/wp-json\/wp\/v2\/types\/page"}],"author":[{"embeddable":true,"href":"https:\/\/www.centregrat.com\/es\/wp-json\/wp\/v2\/users\/2"}],"replies":[{"embeddable":true,"href":"https:\/\/www.centregrat.com\/es\/wp-json\/wp\/v2\/comments?post=20434"}],"version-history":[{"count":36,"href":"https:\/\/www.centregrat.com\/es\/wp-json\/wp\/v2\/pages\/20434\/revisions"}],"predecessor-version":[{"id":29337,"href":"https:\/\/www.centregrat.com\/es\/wp-json\/wp\/v2\/pages\/20434\/revisions\/29337"}],"wp:featuredmedia":[{"embeddable":true,"href":"https:\/\/www.centregrat.com\/es\/wp-json\/wp\/v2\/media\/20444"}],"wp:attachment":[{"href":"https:\/\/www.centregrat.com\/es\/wp-json\/wp\/v2\/media?parent=20434"}],"curies":[{"name":"wp","href":"https:\/\/api.w.org\/{rel}","templated":true}]}}