{"id":35282,"date":"2026-03-26T17:43:04","date_gmt":"2026-03-26T17:43:04","guid":{"rendered":"https:\/\/www.centregrat.com\/?page_id=35282"},"modified":"2026-04-17T10:53:09","modified_gmt":"2026-04-17T10:53:09","slug":"formacion-en-psicoterapia-cursos-para-psicologos-y-psiquiatras","status":"publish","type":"page","link":"https:\/\/www.centregrat.com\/es\/formacion-en-psicoterapia-cursos-para-psicologos-y-psiquiatras\/","title":{"rendered":"Formaci\u00f3n en Psicoterapia &#8211; cursos para psic\u00f3logos"},"content":{"rendered":"<h1><strong>Formaci\u00f3n en Psicoterapia<\/strong><\/h1>\n<h1><strong>Cursos para Psic\u00f3logos y Psiquiatras<\/strong><\/h1>\n<h1><strong>Docentes con entre 20 y 40 a\u00f1os de experiencia<\/strong><\/h1>\n<p>&nbsp;<\/p>\n<h2>Formaci\u00f3n en Psicoterapia con Expertos de Amplia Trayectoria.<br \/>\nCursos Breves, pr\u00e1cticos y dise\u00f1ados para profesionales que trabajan con personas.<\/h2>\n<p>&nbsp;<\/p>\n<h3>Nuestras formaciones en psicoterapia son cursos breves de entre 3 y 20 horas y est\u00e1n dirigidas a psic\u00f3logos, psiquiatras y profesionales del \u00e1mbito de la educaci\u00f3n y la salud.<\/h3>\n<h3>Nuestras formaciones est\u00e1n impartidas por psic\u00f3logos con entre 20 y 40 a\u00f1os de experiencia cl\u00ednica y docente.<\/h3>\n","protected":false},"excerpt":{"rendered":"<p>Formaci\u00f3n en Psicoterapia Cursos para Psic\u00f3logos y Psiquiatras Docentes con entre 20 y 40 a\u00f1os de experiencia &nbsp; Formaci\u00f3n en Psicoterapia con Expertos de Amplia Trayectoria. Cursos Breves, pr\u00e1cticos y dise\u00f1ados para profesionales que trabajan con personas. &nbsp; Nuestras formaciones en psicoterapia son cursos breves de entre 3 y 20 horas y est\u00e1n dirigidas a psic\u00f3logos, psiquiatras y profesionales del \u00e1mbito de la educaci\u00f3n y la salud. Nuestras formaciones est\u00e1n impartidas por psic\u00f3logos con entre 20 y 40 a\u00f1os de experiencia cl\u00ednica y docente.<\/p>\n","protected":false},"author":2,"featured_media":0,"parent":0,"menu_order":0,"comment_status":"closed","ping_status":"closed","template":"page-formacion.php","meta":{"_acf_changed":false,"_exactmetrics_skip_tracking":false,"_exactmetrics_sitenote_active":false,"_exactmetrics_sitenote_note":"","_exactmetrics_sitenote_category":0,"footnotes":""},"class_list":["post-35282","page","type-page","status-publish","hentry"],"acf":[],"yoast_head":"<!-- This site is optimized with the Yoast SEO plugin v27.4 - https:\/\/yoast.com\/product\/yoast-seo-wordpress\/ -->\n<title>Formaci\u00f3n en Psicoterapia - cursos para psic\u00f3logos - Centre GRAT | Centre de psicologia a Barcelona<\/title>\n<meta name=\"robots\" content=\"index, follow, max-snippet:-1, max-image-preview:large, max-video-preview:-1\" \/>\n<link rel=\"canonical\" href=\"https:\/\/www.centregrat.com\/es\/formacion-en-psicoterapia-cursos-para-psicologos-y-psiquiatras\/\" \/>\n<meta property=\"og:locale\" content=\"es_ES\" \/>\n<meta property=\"og:type\" content=\"article\" \/>\n<meta property=\"og:title\" content=\"Formaci\u00f3n en Psicoterapia - cursos para psic\u00f3logos - Centre GRAT | Centre de psicologia a Barcelona\" \/>\n<meta property=\"og:description\" content=\"Formaci\u00f3n en Psicoterapia Cursos para Psic\u00f3logos y Psiquiatras Docentes con entre 20 y 40 a\u00f1os de experiencia &nbsp; Formaci\u00f3n en Psicoterapia con Expertos de Amplia Trayectoria. Cursos Breves, pr\u00e1cticos y dise\u00f1ados para profesionales que trabajan con personas. &nbsp; Nuestras formaciones en psicoterapia son cursos breves de entre 3 y 20 horas y est\u00e1n dirigidas a psic\u00f3logos, psiquiatras y profesionales del \u00e1mbito de la educaci\u00f3n y la salud. Nuestras formaciones est\u00e1n impartidas por psic\u00f3logos con entre 20 y 40 a\u00f1os de experiencia cl\u00ednica y docente.\" \/>\n<meta property=\"og:url\" content=\"https:\/\/www.centregrat.com\/es\/formacion-en-psicoterapia-cursos-para-psicologos-y-psiquiatras\/\" \/>\n<meta property=\"og:site_name\" content=\"Centre GRAT | Centre de psicologia a Barcelona\" \/>\n<meta property=\"article:modified_time\" content=\"2026-04-17T10:53:09+00:00\" \/>\n<meta property=\"og:image\" content=\"https:\/\/www.centregrat.com\/wp-content\/uploads\/2017\/03\/logo-grat-90-psicologia-educacio.png\" \/>\n\t<meta property=\"og:image:width\" content=\"90\" \/>\n\t<meta property=\"og:image:height\" content=\"90\" \/>\n\t<meta property=\"og:image:type\" content=\"image\/png\" \/>\n<meta name=\"twitter:card\" content=\"summary_large_image\" \/>\n<meta name=\"twitter:label1\" content=\"Tiempo de lectura\" \/>\n\t<meta name=\"twitter:data1\" content=\"1 minuto\" \/>\n<script type=\"application\/ld+json\" class=\"yoast-schema-graph\">{\"@context\":\"https:\\\/\\\/schema.org\",\"@graph\":[{\"@type\":\"WebPage\",\"@id\":\"https:\\\/\\\/www.centregrat.com\\\/es\\\/formacion-en-psicoterapia-cursos-para-psicologos-y-psiquiatras\\\/\",\"url\":\"https:\\\/\\\/www.centregrat.com\\\/es\\\/formacion-en-psicoterapia-cursos-para-psicologos-y-psiquiatras\\\/\",\"name\":\"Formaci\u00f3n en Psicoterapia - cursos para psic\u00f3logos - Centre GRAT | Centre de psicologia a Barcelona\",\"isPartOf\":{\"@id\":\"https:\\\/\\\/www.centregrat.com\\\/ca\\\/#website\"},\"datePublished\":\"2026-03-26T17:43:04+00:00\",\"dateModified\":\"2026-04-17T10:53:09+00:00\",\"breadcrumb\":{\"@id\":\"https:\\\/\\\/www.centregrat.com\\\/es\\\/formacion-en-psicoterapia-cursos-para-psicologos-y-psiquiatras\\\/#breadcrumb\"},\"inLanguage\":\"es\",\"potentialAction\":[{\"@type\":\"ReadAction\",\"target\":[\"https:\\\/\\\/www.centregrat.com\\\/es\\\/formacion-en-psicoterapia-cursos-para-psicologos-y-psiquiatras\\\/\"]}]},{\"@type\":\"BreadcrumbList\",\"@id\":\"https:\\\/\\\/www.centregrat.com\\\/es\\\/formacion-en-psicoterapia-cursos-para-psicologos-y-psiquiatras\\\/#breadcrumb\",\"itemListElement\":[{\"@type\":\"ListItem\",\"position\":1,\"name\":\"Portada\",\"item\":\"https:\\\/\\\/www.centregrat.com\\\/es\\\/\"},{\"@type\":\"ListItem\",\"position\":2,\"name\":\"Formaci\u00f3n en Psicoterapia &#8211; cursos para psic\u00f3logos\"}]},{\"@type\":\"WebSite\",\"@id\":\"https:\\\/\\\/www.centregrat.com\\\/ca\\\/#website\",\"url\":\"https:\\\/\\\/www.centregrat.com\\\/ca\\\/\",\"name\":\"Centre GRAT | Centre de psicologia a Barcelona\",\"description\":\"Millora la teva qualitat de vida. Et donem les eines necess\u00e0ries perqu\u00e8 aconsegueixis portar una vida satisfact\u00f2ria. Coneix el nostre centre de psicologia a Barcelona\",\"publisher\":{\"@id\":\"https:\\\/\\\/www.centregrat.com\\\/ca\\\/#organization\"},\"potentialAction\":[{\"@type\":\"SearchAction\",\"target\":{\"@type\":\"EntryPoint\",\"urlTemplate\":\"https:\\\/\\\/www.centregrat.com\\\/ca\\\/?s={search_term_string}\"},\"query-input\":{\"@type\":\"PropertyValueSpecification\",\"valueRequired\":true,\"valueName\":\"search_term_string\"}}],\"inLanguage\":\"es\"},{\"@type\":\"Organization\",\"@id\":\"https:\\\/\\\/www.centregrat.com\\\/ca\\\/#organization\",\"name\":\"Centre GRAT\",\"url\":\"https:\\\/\\\/www.centregrat.com\\\/ca\\\/\",\"logo\":{\"@type\":\"ImageObject\",\"inLanguage\":\"es\",\"@id\":\"https:\\\/\\\/www.centregrat.com\\\/ca\\\/#\\\/schema\\\/logo\\\/image\\\/\",\"url\":\"https:\\\/\\\/www.centregrat.com\\\/wp-content\\\/uploads\\\/2017\\\/03\\\/logo-grat-90-psicologia-educacio.png\",\"contentUrl\":\"https:\\\/\\\/www.centregrat.com\\\/wp-content\\\/uploads\\\/2017\\\/03\\\/logo-grat-90-psicologia-educacio.png\",\"width\":90,\"height\":90,\"caption\":\"Centre GRAT\"},\"image\":{\"@id\":\"https:\\\/\\\/www.centregrat.com\\\/ca\\\/#\\\/schema\\\/logo\\\/image\\\/\"}}]}<\/script>\n<!-- \/ Yoast SEO plugin. -->","yoast_head_json":{"title":"Formaci\u00f3n en Psicoterapia - cursos para psic\u00f3logos - Centre GRAT | Centre de psicologia a Barcelona","robots":{"index":"index","follow":"follow","max-snippet":"max-snippet:-1","max-image-preview":"max-image-preview:large","max-video-preview":"max-video-preview:-1"},"canonical":"https:\/\/www.centregrat.com\/es\/formacion-en-psicoterapia-cursos-para-psicologos-y-psiquiatras\/","og_locale":"es_ES","og_type":"article","og_title":"Formaci\u00f3n en Psicoterapia - cursos para psic\u00f3logos - Centre GRAT | Centre de psicologia a Barcelona","og_description":"Formaci\u00f3n en Psicoterapia Cursos para Psic\u00f3logos y Psiquiatras Docentes con entre 20 y 40 a\u00f1os de experiencia &nbsp; Formaci\u00f3n en Psicoterapia con Expertos de Amplia Trayectoria. Cursos Breves, pr\u00e1cticos y dise\u00f1ados para profesionales que trabajan con personas. &nbsp; Nuestras formaciones en psicoterapia son cursos breves de entre 3 y 20 horas y est\u00e1n dirigidas a psic\u00f3logos, psiquiatras y profesionales del \u00e1mbito de la educaci\u00f3n y la salud. Nuestras formaciones est\u00e1n impartidas por psic\u00f3logos con entre 20 y 40 a\u00f1os de experiencia cl\u00ednica y docente.","og_url":"https:\/\/www.centregrat.com\/es\/formacion-en-psicoterapia-cursos-para-psicologos-y-psiquiatras\/","og_site_name":"Centre GRAT | Centre de psicologia a Barcelona","article_modified_time":"2026-04-17T10:53:09+00:00","og_image":[{"width":90,"height":90,"url":"https:\/\/www.centregrat.com\/wp-content\/uploads\/2017\/03\/logo-grat-90-psicologia-educacio.png","type":"image\/png"}],"twitter_card":"summary_large_image","twitter_misc":{"Tiempo de lectura":"1 minuto"},"schema":{"@context":"https:\/\/schema.org","@graph":[{"@type":"WebPage","@id":"https:\/\/www.centregrat.com\/es\/formacion-en-psicoterapia-cursos-para-psicologos-y-psiquiatras\/","url":"https:\/\/www.centregrat.com\/es\/formacion-en-psicoterapia-cursos-para-psicologos-y-psiquiatras\/","name":"Formaci\u00f3n en Psicoterapia - cursos para psic\u00f3logos - Centre GRAT | Centre de psicologia a Barcelona","isPartOf":{"@id":"https:\/\/www.centregrat.com\/ca\/#website"},"datePublished":"2026-03-26T17:43:04+00:00","dateModified":"2026-04-17T10:53:09+00:00","breadcrumb":{"@id":"https:\/\/www.centregrat.com\/es\/formacion-en-psicoterapia-cursos-para-psicologos-y-psiquiatras\/#breadcrumb"},"inLanguage":"es","potentialAction":[{"@type":"ReadAction","target":["https:\/\/www.centregrat.com\/es\/formacion-en-psicoterapia-cursos-para-psicologos-y-psiquiatras\/"]}]},{"@type":"BreadcrumbList","@id":"https:\/\/www.centregrat.com\/es\/formacion-en-psicoterapia-cursos-para-psicologos-y-psiquiatras\/#breadcrumb","itemListElement":[{"@type":"ListItem","position":1,"name":"Portada","item":"https:\/\/www.centregrat.com\/es\/"},{"@type":"ListItem","position":2,"name":"Formaci\u00f3n en Psicoterapia &#8211; cursos para psic\u00f3logos"}]},{"@type":"WebSite","@id":"https:\/\/www.centregrat.com\/ca\/#website","url":"https:\/\/www.centregrat.com\/ca\/","name":"Centre GRAT | Centre de psicologia a Barcelona","description":"Millora la teva qualitat de vida. Et donem les eines necess\u00e0ries perqu\u00e8 aconsegueixis portar una vida satisfact\u00f2ria. Coneix el nostre centre de psicologia a Barcelona","publisher":{"@id":"https:\/\/www.centregrat.com\/ca\/#organization"},"potentialAction":[{"@type":"SearchAction","target":{"@type":"EntryPoint","urlTemplate":"https:\/\/www.centregrat.com\/ca\/?s={search_term_string}"},"query-input":{"@type":"PropertyValueSpecification","valueRequired":true,"valueName":"search_term_string"}}],"inLanguage":"es"},{"@type":"Organization","@id":"https:\/\/www.centregrat.com\/ca\/#organization","name":"Centre GRAT","url":"https:\/\/www.centregrat.com\/ca\/","logo":{"@type":"ImageObject","inLanguage":"es","@id":"https:\/\/www.centregrat.com\/ca\/#\/schema\/logo\/image\/","url":"https:\/\/www.centregrat.com\/wp-content\/uploads\/2017\/03\/logo-grat-90-psicologia-educacio.png","contentUrl":"https:\/\/www.centregrat.com\/wp-content\/uploads\/2017\/03\/logo-grat-90-psicologia-educacio.png","width":90,"height":90,"caption":"Centre GRAT"},"image":{"@id":"https:\/\/www.centregrat.com\/ca\/#\/schema\/logo\/image\/"}}]}},"_links":{"self":[{"href":"https:\/\/www.centregrat.com\/es\/wp-json\/wp\/v2\/pages\/35282","targetHints":{"allow":["GET"]}}],"collection":[{"href":"https:\/\/www.centregrat.com\/es\/wp-json\/wp\/v2\/pages"}],"about":[{"href":"https:\/\/www.centregrat.com\/es\/wp-json\/wp\/v2\/types\/page"}],"author":[{"embeddable":true,"href":"https:\/\/www.centregrat.com\/es\/wp-json\/wp\/v2\/users\/2"}],"replies":[{"embeddable":true,"href":"https:\/\/www.centregrat.com\/es\/wp-json\/wp\/v2\/comments?post=35282"}],"version-history":[{"count":12,"href":"https:\/\/www.centregrat.com\/es\/wp-json\/wp\/v2\/pages\/35282\/revisions"}],"predecessor-version":[{"id":35539,"href":"https:\/\/www.centregrat.com\/es\/wp-json\/wp\/v2\/pages\/35282\/revisions\/35539"}],"wp:attachment":[{"href":"https:\/\/www.centregrat.com\/es\/wp-json\/wp\/v2\/media?parent=35282"}],"curies":[{"name":"wp","href":"https:\/\/api.w.org\/{rel}","templated":true}]}}