{"id":222,"date":"2025-09-10T18:53:59","date_gmt":"2025-09-10T16:53:59","guid":{"rendered":"https:\/\/www.centregrat.com\/formacion\/producto\/intervencion-en-terapia-de-pareja-nivel-ii-dificultades-y-soluciones-durante-el-proceso\/"},"modified":"2026-04-14T11:20:30","modified_gmt":"2026-04-14T09:20:30","slug":"intervencion-en-terapia-de-pareja-nivel-ii-dificultades-y-soluciones-durante-el-proceso","status":"publish","type":"product","link":"https:\/\/www.centregrat.com\/formacion\/producto\/intervencion-en-terapia-de-pareja-nivel-ii-dificultades-y-soluciones-durante-el-proceso\/","title":{"rendered":"Intervenci\u00f3n en Terapia de Pareja Nivel II: Dificultades y Soluciones durante el proceso"},"content":{"rendered":"<p>Intervenci\u00f3n en Terapia de Pareja Nivel II: Dificultades y Soluciones durante el proceso &#8211; M\u00e1s informaci\u00f3n en: https:\/\/www.centregrat.com\/es\/curso-de-intervencion-en-terapia-de-pareja-nivel-ii\/<\/p>\n","protected":false},"excerpt":{"rendered":"<p>En Diferido<\/p>\n","protected":false},"featured_media":245,"comment_status":"open","ping_status":"closed","template":"","meta":[],"product_brand":[],"product_cat":[26,25],"product_tag":[],"class_list":{"0":"post-222","1":"product","2":"type-product","3":"status-publish","4":"has-post-thumbnail","6":"product_cat-diferido","7":"product_cat-online","9":"first","10":"instock","11":"sold-individually","12":"taxable","13":"shipping-taxable","14":"purchasable","15":"product-type-variable"},"_links":{"self":[{"href":"https:\/\/www.centregrat.com\/formacion\/wp-json\/wp\/v2\/product\/222","targetHints":{"allow":["GET"]}}],"collection":[{"href":"https:\/\/www.centregrat.com\/formacion\/wp-json\/wp\/v2\/product"}],"about":[{"href":"https:\/\/www.centregrat.com\/formacion\/wp-json\/wp\/v2\/types\/product"}],"replies":[{"embeddable":true,"href":"https:\/\/www.centregrat.com\/formacion\/wp-json\/wp\/v2\/comments?post=222"}],"wp:featuredmedia":[{"embeddable":true,"href":"https:\/\/www.centregrat.com\/formacion\/wp-json\/wp\/v2\/media\/245"}],"wp:attachment":[{"href":"https:\/\/www.centregrat.com\/formacion\/wp-json\/wp\/v2\/media?parent=222"}],"wp:term":[{"taxonomy":"product_brand","embeddable":true,"href":"https:\/\/www.centregrat.com\/formacion\/wp-json\/wp\/v2\/product_brand?post=222"},{"taxonomy":"product_cat","embeddable":true,"href":"https:\/\/www.centregrat.com\/formacion\/wp-json\/wp\/v2\/product_cat?post=222"},{"taxonomy":"product_tag","embeddable":true,"href":"https:\/\/www.centregrat.com\/formacion\/wp-json\/wp\/v2\/product_tag?post=222"}],"curies":[{"name":"wp","href":"https:\/\/api.w.org\/{rel}","templated":true}]}}