{"id":225,"date":"2025-09-09T14:08:14","date_gmt":"2025-09-09T14:08:14","guid":{"rendered":"https:\/\/www.centregrat.com\/formacion\/producto\/tratamiento-psicologico-del-duelo-en-psicoterapia\/"},"modified":"2026-04-14T22:02:12","modified_gmt":"2026-04-14T20:02:12","slug":"tratamiento-psicologico-del-duelo-en-psicoterapia","status":"publish","type":"product","link":"https:\/\/www.centregrat.com\/formacion\/producto\/tratamiento-psicologico-del-duelo-en-psicoterapia\/","title":{"rendered":"Tratamiento Psicol\u00f3gico del Duelo en Psicoterapia"},"content":{"rendered":"<p>Tratamiento Psicol\u00f3gico del Duelo en Psicoterapia &#8211; M\u00e1s informaci\u00f3n en: https:\/\/www.centregrat.com\/es\/curso-para-psicologos-tratamiento-psicologico-del-duelo-en-psicoterapia\/<\/p>\n","protected":false},"excerpt":{"rendered":"<p>Tratamiento Psicol\u00f3gico del Duelo en Psicoterapia &#8211; M\u00e1s informaci\u00f3n en: https:\/\/www.centregrat.com\/es\/curso-para-psicologos-tratamiento-psicologico-del-duelo-en-psicoterapia\/<\/p>\n","protected":false},"featured_media":236,"comment_status":"open","ping_status":"closed","template":"","meta":[],"product_brand":[],"product_cat":[26,25],"product_tag":[],"class_list":{"0":"post-225","1":"product","2":"type-product","3":"status-publish","4":"has-post-thumbnail","6":"product_cat-diferido","7":"product_cat-online","9":"first","10":"instock","11":"sold-individually","12":"taxable","13":"shipping-taxable","14":"purchasable","15":"product-type-variable"},"_links":{"self":[{"href":"https:\/\/www.centregrat.com\/formacion\/wp-json\/wp\/v2\/product\/225","targetHints":{"allow":["GET"]}}],"collection":[{"href":"https:\/\/www.centregrat.com\/formacion\/wp-json\/wp\/v2\/product"}],"about":[{"href":"https:\/\/www.centregrat.com\/formacion\/wp-json\/wp\/v2\/types\/product"}],"replies":[{"embeddable":true,"href":"https:\/\/www.centregrat.com\/formacion\/wp-json\/wp\/v2\/comments?post=225"}],"wp:featuredmedia":[{"embeddable":true,"href":"https:\/\/www.centregrat.com\/formacion\/wp-json\/wp\/v2\/media\/236"}],"wp:attachment":[{"href":"https:\/\/www.centregrat.com\/formacion\/wp-json\/wp\/v2\/media?parent=225"}],"wp:term":[{"taxonomy":"product_brand","embeddable":true,"href":"https:\/\/www.centregrat.com\/formacion\/wp-json\/wp\/v2\/product_brand?post=225"},{"taxonomy":"product_cat","embeddable":true,"href":"https:\/\/www.centregrat.com\/formacion\/wp-json\/wp\/v2\/product_cat?post=225"},{"taxonomy":"product_tag","embeddable":true,"href":"https:\/\/www.centregrat.com\/formacion\/wp-json\/wp\/v2\/product_tag?post=225"}],"curies":[{"name":"wp","href":"https:\/\/api.w.org\/{rel}","templated":true}]}}