{"id":230,"date":"2025-09-10T18:53:58","date_gmt":"2025-09-10T16:53:58","guid":{"rendered":"https:\/\/www.centregrat.com\/formacion\/producto\/tratamiento-psicologico-con-adolescentes-y-familias\/"},"modified":"2025-11-10T14:41:04","modified_gmt":"2025-11-10T13:41:04","slug":"tratamiento-psicologico-con-adolescentes-y-familias","status":"publish","type":"product","link":"https:\/\/www.centregrat.com\/formacion\/producto\/tratamiento-psicologico-con-adolescentes-y-familias\/","title":{"rendered":"Tratamiento Psicol\u00f3gico con Adolescentes y Familias"},"content":{"rendered":"<p>Tratamiento Psicol\u00f3gico con Adolescentes y Familias &#8211; M\u00e1s informaci\u00f3n en: https:\/\/www.centregrat.com\/es\/curso-tratamiento-psicologico-adolescentes-familias\/<\/p>\n","protected":false},"excerpt":{"rendered":"<div class=\"wpb_text_column wpb_content_element \">\n<div class=\"wpb_wrapper\">\n<p>No hay informaci\u00f3n de pr\u00f3ximas fechas. Rellena el formulario pulsando <strong>M\u00c1S INFORMACI\u00d3N<\/strong>\u00a0y te avisaremos cuando tengamos las fechas confirmadas.<\/p>\n<\/div>\n<\/div>\n<div class=\"vc_empty_space\"><\/div>\n","protected":false},"featured_media":241,"comment_status":"open","ping_status":"closed","template":"","meta":[],"product_brand":[],"product_cat":[25],"product_tag":[],"class_list":{"0":"post-230","1":"product","2":"type-product","3":"status-publish","4":"has-post-thumbnail","6":"product_cat-online","8":"first","9":"outofstock","10":"sold-individually","11":"taxable","12":"shipping-taxable","13":"purchasable","14":"product-type-simple"},"_links":{"self":[{"href":"https:\/\/www.centregrat.com\/formacion\/wp-json\/wp\/v2\/product\/230","targetHints":{"allow":["GET"]}}],"collection":[{"href":"https:\/\/www.centregrat.com\/formacion\/wp-json\/wp\/v2\/product"}],"about":[{"href":"https:\/\/www.centregrat.com\/formacion\/wp-json\/wp\/v2\/types\/product"}],"replies":[{"embeddable":true,"href":"https:\/\/www.centregrat.com\/formacion\/wp-json\/wp\/v2\/comments?post=230"}],"wp:featuredmedia":[{"embeddable":true,"href":"https:\/\/www.centregrat.com\/formacion\/wp-json\/wp\/v2\/media\/241"}],"wp:attachment":[{"href":"https:\/\/www.centregrat.com\/formacion\/wp-json\/wp\/v2\/media?parent=230"}],"wp:term":[{"taxonomy":"product_brand","embeddable":true,"href":"https:\/\/www.centregrat.com\/formacion\/wp-json\/wp\/v2\/product_brand?post=230"},{"taxonomy":"product_cat","embeddable":true,"href":"https:\/\/www.centregrat.com\/formacion\/wp-json\/wp\/v2\/product_cat?post=230"},{"taxonomy":"product_tag","embeddable":true,"href":"https:\/\/www.centregrat.com\/formacion\/wp-json\/wp\/v2\/product_tag?post=230"}],"curies":[{"name":"wp","href":"https:\/\/api.w.org\/{rel}","templated":true}]}}