{"id":457,"date":"2025-09-15T14:09:43","date_gmt":"2025-09-15T12:09:43","guid":{"rendered":"https:\/\/www.centregrat.com\/formacion\/?post_type=product&#038;p=457"},"modified":"2025-12-17T11:07:06","modified_gmt":"2025-12-17T10:07:06","slug":"pildoras-de-terapia-infantil-cursos-de-3h-sobre-como-abordar-problematicas-concretas-en-terapia-infantil-pack-6","status":"publish","type":"product","link":"https:\/\/www.centregrat.com\/formacion\/producto\/pildoras-de-terapia-infantil-cursos-de-3h-sobre-como-abordar-problematicas-concretas-en-terapia-infantil-pack-6\/","title":{"rendered":"P\u00edldoras de Terapia Infantil: Cursos de 3h sobre c\u00f3mo abordar problem\u00e1ticas concretas en Terapia Infantil (PACK DE 6)"},"content":{"rendered":"","protected":false},"excerpt":{"rendered":"","protected":false},"featured_media":257,"comment_status":"open","ping_status":"closed","template":"","meta":[],"product_brand":[],"product_cat":[25],"product_tag":[],"class_list":{"0":"post-457","1":"product","2":"type-product","3":"status-publish","4":"has-post-thumbnail","6":"product_cat-online","8":"first","9":"outofstock","10":"virtual","11":"sold-individually","12":"taxable","13":"purchasable","14":"product-type-woosb"},"_links":{"self":[{"href":"https:\/\/www.centregrat.com\/formacion\/wp-json\/wp\/v2\/product\/457","targetHints":{"allow":["GET"]}}],"collection":[{"href":"https:\/\/www.centregrat.com\/formacion\/wp-json\/wp\/v2\/product"}],"about":[{"href":"https:\/\/www.centregrat.com\/formacion\/wp-json\/wp\/v2\/types\/product"}],"replies":[{"embeddable":true,"href":"https:\/\/www.centregrat.com\/formacion\/wp-json\/wp\/v2\/comments?post=457"}],"wp:featuredmedia":[{"embeddable":true,"href":"https:\/\/www.centregrat.com\/formacion\/wp-json\/wp\/v2\/media\/257"}],"wp:attachment":[{"href":"https:\/\/www.centregrat.com\/formacion\/wp-json\/wp\/v2\/media?parent=457"}],"wp:term":[{"taxonomy":"product_brand","embeddable":true,"href":"https:\/\/www.centregrat.com\/formacion\/wp-json\/wp\/v2\/product_brand?post=457"},{"taxonomy":"product_cat","embeddable":true,"href":"https:\/\/www.centregrat.com\/formacion\/wp-json\/wp\/v2\/product_cat?post=457"},{"taxonomy":"product_tag","embeddable":true,"href":"https:\/\/www.centregrat.com\/formacion\/wp-json\/wp\/v2\/product_tag?post=457"}],"curies":[{"name":"wp","href":"https:\/\/api.w.org\/{rel}","templated":true}]}}