{"id":470,"date":"2025-09-22T15:41:26","date_gmt":"2025-09-22T13:41:26","guid":{"rendered":"https:\/\/www.centregrat.com\/formacion\/?post_type=product&#038;p=470"},"modified":"2026-04-07T12:32:45","modified_gmt":"2026-04-07T10:32:45","slug":"supervision-de-terapia-de-pareja-en-grupo","status":"publish","type":"product","link":"https:\/\/www.centregrat.com\/formacion\/producto\/supervision-de-terapia-de-pareja-en-grupo\/","title":{"rendered":"Supervisi\u00f3n de Terapia de Pareja en Grupo"},"content":{"rendered":"<p>Supervisi\u00f3n de Terapia de Pareja en Grupo &#8211; M\u00e1s informaci\u00f3n en: https:\/\/www.centregrat.com\/es\/grupos-de-supervision-en-terapia-de-pareja\/<\/p>\n","protected":false},"excerpt":{"rendered":"<p>M\u00e1ximo 4 participantes por grupo. El centro se reserva el derecho de adaptar el tiempo de supervisi\u00f3n al n\u00famero de participantes.<\/p>\n<p>&nbsp;<\/p>\n","protected":false},"featured_media":472,"comment_status":"open","ping_status":"closed","template":"","meta":[],"product_brand":[],"product_cat":[25],"product_tag":[],"class_list":{"0":"post-470","1":"product","2":"type-product","3":"status-publish","4":"has-post-thumbnail","6":"product_cat-online","8":"first","9":"outofstock","10":"sold-individually","11":"taxable","12":"shipping-taxable","13":"purchasable","14":"product-type-variable"},"_links":{"self":[{"href":"https:\/\/www.centregrat.com\/formacion\/wp-json\/wp\/v2\/product\/470","targetHints":{"allow":["GET"]}}],"collection":[{"href":"https:\/\/www.centregrat.com\/formacion\/wp-json\/wp\/v2\/product"}],"about":[{"href":"https:\/\/www.centregrat.com\/formacion\/wp-json\/wp\/v2\/types\/product"}],"replies":[{"embeddable":true,"href":"https:\/\/www.centregrat.com\/formacion\/wp-json\/wp\/v2\/comments?post=470"}],"wp:featuredmedia":[{"embeddable":true,"href":"https:\/\/www.centregrat.com\/formacion\/wp-json\/wp\/v2\/media\/472"}],"wp:attachment":[{"href":"https:\/\/www.centregrat.com\/formacion\/wp-json\/wp\/v2\/media?parent=470"}],"wp:term":[{"taxonomy":"product_brand","embeddable":true,"href":"https:\/\/www.centregrat.com\/formacion\/wp-json\/wp\/v2\/product_brand?post=470"},{"taxonomy":"product_cat","embeddable":true,"href":"https:\/\/www.centregrat.com\/formacion\/wp-json\/wp\/v2\/product_cat?post=470"},{"taxonomy":"product_tag","embeddable":true,"href":"https:\/\/www.centregrat.com\/formacion\/wp-json\/wp\/v2\/product_tag?post=470"}],"curies":[{"name":"wp","href":"https:\/\/api.w.org\/{rel}","templated":true}]}}